{"id":431,"date":"2021-05-14T20:13:17","date_gmt":"2021-05-14T18:13:17","guid":{"rendered":"https:\/\/malvache.net\/malvache\/?page_id=431"},"modified":"2025-01-08T11:35:27","modified_gmt":"2025-01-08T10:35:27","slug":"le-moulin-destaires","status":"publish","type":"page","link":"https:\/\/malvache.net\/malvache\/le-moulin-destaires\/","title":{"rendered":"Le moulin VIEREN d&rsquo;Estaires"},"content":{"rendered":"\n<p>Plan cadastral de 1816. Section D 758. Porte du Moulin. Route de Neuf-Berquin (aujourd&rsquo;hui Rue Kennedy).<\/p>\n\n\n\n<div class=\"wp-block-columns is-layout-flex wp-container-core-columns-is-layout-9d6595d7 wp-block-columns-is-layout-flex\">\n<div class=\"wp-block-column is-layout-flow wp-block-column-is-layout-flow\" style=\"flex-basis:50%\">\n<p><a rel=\"noreferrer noopener\" href=\"https:\/\/www.malvache.net\/getperson.php?personID=I4253&amp;tree=malvache\" target=\"_blank\">Fran\u00e7ois VIEREN<\/a> (1767-1848) meunier \u00e0 Estaires. N\u00e9 \u00e0 Haverskerque, fils posthume de <a rel=\"noreferrer noopener\" href=\"https:\/\/www.malvache.net\/getperson.php?personID=I7400&amp;tree=malvache\" target=\"_blank\">Pierre VIEREN<\/a>, meunier et \u00e9chevin \u00e0 Haverskerque n\u00e9 lui-m\u00eame \u00e0 St Venant en 1730 et d\u00e9c\u00e9d\u00e9 \u00e0 Haverskerque en 1767: c&rsquo;est la veuve de Pierre, <a rel=\"noreferrer noopener\" href=\"https:\/\/www.malvache.net\/getperson.php?personID=I7401&amp;tree=malvache\" target=\"_blank\">Marie BAUDELLE<\/a>, n\u00e9e \u00e0 St.Venant en 1737, qui apr\u00e8s avoir \u00e9pous\u00e9e <a rel=\"noreferrer noopener\" href=\"https:\/\/www.malvache.net\/getperson.php?personID=I7402&amp;tree=malvache\" data-type=\"URL\" data-id=\"https:\/\/www.malvache.net\/getperson.php?personID=I7402&amp;tree=malvache\" target=\"_blank\">Charles VINCENT<\/a>, vint s&rsquo;installer \u00e0 Estaires entre 1774 et 1781. Elle y mourut en 1817 et c&rsquo;est probablement \u00e0 cette \u00e9poque que Fran\u00e7ois devint propri\u00e9taire de ce moulin \u00e0 vent. Mari\u00e9 en 1793 \u00e0 <a rel=\"noreferrer noopener\" href=\"https:\/\/www.malvache.net\/getperson.php?personID=I4254&amp;tree=malvache\" data-type=\"URL\" data-id=\"https:\/\/www.malvache.net\/getperson.php?personID=I4254&amp;tree=malvache\" target=\"_blank\">Julie DHENNIN<\/a> il eut quatre enfants dont trois v\u00e9curent. Julie DHENNIN mourut en 1854 et c&rsquo;est ainsi qu&rsquo;au plan cadastral de 1855 ses trois enfants sont d\u00e9clar\u00e9s propri\u00e9taires.<br>Il s&rsquo;agit de:<br><a rel=\"noreferrer noopener\" href=\"https:\/\/www.malvache.net\/getperson.php?personID=I7403&amp;tree=malvache\" data-type=\"URL\" data-id=\"https:\/\/www.malvache.net\/getperson.php?personID=I7403&amp;tree=malvache\" target=\"_blank\">Fran\u00e7ois, Auguste VIEREN<\/a> (1794-1862) rest\u00e9 c\u00e9libataire<br><a rel=\"noreferrer noopener\" href=\"https:\/\/www.malvache.net\/getperson.php?personID=I7404&amp;tree=malvache\" data-type=\"URL\" data-id=\"https:\/\/www.malvache.net\/getperson.php?personID=I7404&amp;tree=malvache\" target=\"_blank\">C\u00e9lestine, Julie VIEREN<\/a> (1796-1869) aussi c\u00e9libataire<br><a rel=\"noreferrer noopener\" href=\"https:\/\/www.malvache.net\/getperson.php?personID=I4251&amp;tree=malvache\" data-type=\"URL\" data-id=\"https:\/\/www.malvache.net\/getperson.php?personID=I4251&amp;tree=malvache\" target=\"_blank\">Jules-C\u00e9sar VIEREN<\/a> (1811-1874).<\/p>\n<\/div>\n\n\n\n<div class=\"wp-block-column is-layout-flow wp-block-column-is-layout-flow\" style=\"flex-basis:50%\">\n<figure class=\"wp-block-image size-large\"><a href=\"https:\/\/malvache.net\/malvache\/wp-content\/grand-media\/image\/moulin_vieren1.jpg\" target=\"_blank\" rel=\" noreferrer noopener\"><img decoding=\"async\" src=\"https:\/\/malvache.net\/malvache\/wp-content\/grand-media\/image\/moulin_vieren1.jpg\" alt=\"\"\/><\/a><\/figure>\n<\/div>\n<\/div>\n\n\n\n<p>Il est vraisemblable qu&rsquo;apr\u00e8s le d\u00e9c\u00e8s de Fran\u00e7ois-Auguste en 1862 C\u00e9lestine se retira de la co-propri\u00e9t\u00e9 et c&rsquo;est ainsi, que pour l&rsquo;ann\u00e9e 1864, le seul propri\u00e9taire d\u00e9clar\u00e9 au cadastre fut Jules-C\u00e9sar: celui-ci \u00e9pousa en 1838 <a rel=\"noreferrer noopener\" href=\"https:\/\/www.malvache.net\/getperson.php?personID=I4252&amp;tree=malvache\" target=\"_blank\">Jos\u00e9phine-Ad\u00e9laide DUCOURANT<\/a> (1817-1894) qui dut lui apporter en dot la terme du \u201cPont-Poivre\u201d, h\u00e9rit\u00e9e de sa grand-m\u00e8re <a rel=\"noreferrer noopener\" href=\"https:\/\/www.malvache.net\/getperson.php?personID=I12926&amp;tree=malvache\" target=\"_blank\">Marie-Lambertine JACQUIN<\/a>. A la mort de Jules-C\u00e9sar en 1874 le moulin passa \u00e0: <a rel=\"noreferrer noopener\" href=\"https:\/\/www.malvache.net\/getperson.php?personID=I4258&amp;tree=malvache\" data-type=\"URL\" data-id=\"https:\/\/www.malvache.net\/getperson.php?personID=I4258&amp;tree=malvache\" target=\"_blank\">Charles VIEREN<\/a> (1845-1914) mari\u00e9 en 1867 \u00e0 Marie-Hortense BERNARD (1842-1918). Charles Vieren \u00e9tait \u00e9galement propri\u00e9taire d&rsquo;un moulin \u00e0 eau et \u00e0 vapeur ainsi que de la ferme du \u201cPont-Poivre\u201d.<\/p>\n\n\n\n<pre class=\"wp-block-verse\">Le 10 janvier 1884 un incendie d\u00e9truisit la meunerie \u00e0 eau et \u00e0 vapeur. Ici se place une anecdote racont\u00e9e par ma m\u00e8re: c'\u00e9tait le fr\u00e8re de Charles, Fran\u00e7ois VIEREN, qui \u00e9tait de garde au moulin quand l'incendie se d\u00e9clara. On chargea un ouvrier agricole d'aller pr\u00e9venir mon grand-p\u00e8re en lui recommandant de dire les choses \u201cdoucement\u201d: celui-ci s'ex\u00e9cuta en ces termes \u201cTout duchmint, tout duchmint ch'maite ch'moulin y br\u00fble\u201d. La perte fut estim\u00e9e \u00e0 35 000 fr : Charles Vieren fut ruin\u00e9 et dut vendre sa ferme du \u201cPont-Poivre\u201d pour rembourser ses cr\u00e9anciers.<br> Peut-\u00eatre vendit-il \u00e9galement le moulin \u00e0 vent mais la date en reste ind\u00e9termin\u00e9e puisque le nouveau plan cadastral date de 1889 et ce n'est qu'en 1903 que D\u00e9sir\u00e9 DUPONT-TOURTOIS en est d\u00e9clar\u00e9 propri\u00e9taire: en fait des constructions s'\u00e9taient \u00e9lev\u00e9es tout autour et, faute de vent, il ne fonctionnait plus. Charles VIEREN continua d'exploiter la ferme du \u201cPont-Poivre\u201d en tant que locataire jusqu'\u00e0 sa mort en 1914.<br>Des constructions s'\u00e9taient \u00e9lev\u00e9es tout autour et, faute de vent, il ne fonctionnait plus. Devenu inutile, il fut d\u00e9moli en 1906<\/pre>\n\n\n\n<p>D&rsquo;autres informations ici: <a href=\"https:\/\/estaires.com\/documents\/moulin_vieren.htm\" target=\"_blank\" rel=\"noreferrer noopener\">Le dernier meunier estairois (estaires.com)<\/a><\/p>\n\n\n\n<div class=\"wp-block-gmedia-album gmedia-shortcode\"><div class=\"gmedia_gallery phantom_module is_bot\" id=\"GmediaGallery_47\" data-gmid=\"47\" data-module=\"phantom\"><style class='gmedia_module_style_import'>@import url('https:\/\/malvache.net\/malvache\/wp-content\/grand-media\/module\/phantom\/css\/style.css?v=3.25') all;\/**** .phantom_module #GmediaGallery_47 ****\/\n#GmediaGallery_47 .gmPhantom_ThumbContainer,\n#GmediaGallery_47 .gmPhantom_LoadMore {margin:5px 0 0 5px;}\n#GmediaGallery_47 .gmPhantom_LoadMore[data-col=\"1\"] {transform:translate(0, 5px);margin-bottom:5px;}\n#GmediaGallery_47 .gmPhantom_ThumbLabel a {color:#3695e7;}<\/style>\t<div class=\"gmPhantom_Container noLightbox\" >\n\t\t\t\t<div class=\"gmPhantom_thumbsWrapper gmPhantom_ThumbScale gmPhantom_LabelBottom\">\n\t\t\t\t\t\t<div class=\"gmPhantom_ThumbContainer gmPhantom_ThumbLoader\" data-id=\"164\" data-post_id=\"3520\" data-ratio=\"1.4233333333333\" data-type=\"image\" data-ext=\"jpg\" data-views=\"5\" data-likes=\"0\" data-cc=\"0\" data-post_link=\"https:\/\/malvache.net\/malvache\/gmedia\/moulinvieren-jpg\/\">\n\t\t\t\t<a href=\"https:\/\/malvache.net\/malvache\/wp-content\/grand-media\/image\/moulinvieren.jpg\" class=\"gmPhantom_Thumb\"><img decoding=\"async\" class=\"noLazy\" src=\"https:\/\/malvache.net\/malvache\/wp-content\/grand-media\/image\/thumb\/moulinvieren.jpg\" data-src=\"https:\/\/malvache.net\/malvache\/wp-content\/grand-media\/image\/moulinvieren.jpg\" alt=\"Photo du moulin VIEREN \u00e0 Estaires\"\/><\/a>\n\t\t\t\t\t\t\t\t\t<div class=\"gmPhantom_ThumbLabel\"><span class=\"gmPhantom_ThumbLabel_title\">Photo du moulin VIEREN \u00e0 Estaires<\/span><\/div>\n\t\t\t\t\t\t\t\t\t<div style=\"display:none;\" class=\"gmPhantom_Details\">\n\t\t\t\t\t\t\t\t\t\t\t<div class=\"gmPhantom_description\">\n\t\t\t\t\t\t\t<div class=\"gmPhantom_title\">Photo du moulin VIEREN \u00e0 Estaires<\/div>\n\t\t\t\t\t\t\t<div class=\"gmPhantom_text\"><\/div>\n\t\t\t\t\t\t<\/div>\n\t\t\t\t\t\t\t\t\t\t\t\t\t\t\t<div class=\"gmPhantom_terms\">\n\t\t\t\t\t\t\t\t\t\t\t<\/div>\n\t\t\t\t<\/div>\n\t\t\t\t<\/div>\t\t\t<div class=\"gmPhantom_ThumbContainer gmPhantom_ThumbLoader\" data-id=\"163\" data-post_id=\"3519\" data-ratio=\"0.86206896551724\" data-type=\"image\" data-ext=\"jpg\" data-views=\"6\" data-likes=\"0\" data-cc=\"0\" data-post_link=\"https:\/\/malvache.net\/malvache\/gmedia\/scan-v-222-jpg\/\">\n\t\t\t\t<a href=\"https:\/\/malvache.net\/malvache\/wp-content\/grand-media\/image\/Scan-V-222.jpg\" class=\"gmPhantom_Thumb\"><img decoding=\"async\" class=\"noLazy\" src=\"https:\/\/malvache.net\/malvache\/wp-content\/grand-media\/image\/thumb\/Scan-V-222.jpg\" data-src=\"https:\/\/malvache.net\/malvache\/wp-content\/grand-media\/image\/Scan-V-222.jpg\" alt=\"Carte postale du moulin VIEREN \u00e0 Estaires\"\/><\/a>\n\t\t\t\t\t\t\t\t\t<div class=\"gmPhantom_ThumbLabel\"><span class=\"gmPhantom_ThumbLabel_title\">Carte postale du moulin VIEREN \u00e0 Estaires<\/span><\/div>\n\t\t\t\t\t\t\t\t\t<div style=\"display:none;\" class=\"gmPhantom_Details\">\n\t\t\t\t\t\t\t\t\t\t\t<div class=\"gmPhantom_description\">\n\t\t\t\t\t\t\t<div class=\"gmPhantom_title\">Carte postale du moulin VIEREN \u00e0 Estaires<\/div>\n\t\t\t\t\t\t\t<div class=\"gmPhantom_text\"><\/div>\n\t\t\t\t\t\t<\/div>\n\t\t\t\t\t\t\t\t\t\t\t\t\t\t\t<div class=\"gmPhantom_terms\">\n\t\t\t\t\t\t\t\t\t\t\t<\/div>\n\t\t\t\t<\/div>\n\t\t\t\t<\/div>\t\t\t<div class=\"gmPhantom_ThumbContainer gmPhantom_ThumbLoader\" data-id=\"162\" data-post_id=\"3518\" data-ratio=\"1.4133333333333\" data-type=\"image\" data-ext=\"jpg\" data-views=\"7\" data-likes=\"0\" data-cc=\"0\" data-post_link=\"https:\/\/malvache.net\/malvache\/gmedia\/moulin_vieren1-jpg\/\">\n\t\t\t\t<a href=\"https:\/\/malvache.net\/malvache\/wp-content\/grand-media\/image\/moulin_vieren1.jpg\" class=\"gmPhantom_Thumb\"><img decoding=\"async\" class=\"noLazy\" src=\"https:\/\/malvache.net\/malvache\/wp-content\/grand-media\/image\/thumb\/moulin_vieren1.jpg\" data-src=\"https:\/\/malvache.net\/malvache\/wp-content\/grand-media\/image\/moulin_vieren1.jpg\" alt=\"Photo du moulin VIEREN \u00e0 Estaires\"\/><\/a>\n\t\t\t\t\t\t\t\t\t<div class=\"gmPhantom_ThumbLabel\"><span class=\"gmPhantom_ThumbLabel_title\">Photo du moulin VIEREN \u00e0 Estaires<\/span><\/div>\n\t\t\t\t\t\t\t\t\t<div style=\"display:none;\" class=\"gmPhantom_Details\">\n\t\t\t\t\t\t\t\t\t\t\t<div class=\"gmPhantom_description\">\n\t\t\t\t\t\t\t<div class=\"gmPhantom_title\">Photo du moulin VIEREN \u00e0 Estaires<\/div>\n\t\t\t\t\t\t\t<div class=\"gmPhantom_text\"><\/div>\n\t\t\t\t\t\t<\/div>\n\t\t\t\t\t\t\t\t\t\t\t\t\t\t\t<div class=\"gmPhantom_terms\">\n\t\t\t\t\t\t\t\t\t\t\t<\/div>\n\t\t\t\t<\/div>\n\t\t\t\t<\/div>\t\t<\/div>\n\t<\/div>\n<\/div><\/div>\n\n\n\n<p><\/p>\n","protected":false},"excerpt":{"rendered":"<p>Plan cadastral de 1816. Section D 758. Porte du Moulin. Route de Neuf-Berquin (aujourd&rsquo;hui Rue Kennedy). Fran\u00e7ois VIEREN (1767-1848) meunier \u00e0 Estaires. N\u00e9 \u00e0 Haverskerque, fils posthume de Pierre VIEREN, meunier et \u00e9chevin \u00e0 Haverskerque n\u00e9 lui-m\u00eame \u00e0 St Venant en 1730 et d\u00e9c\u00e9d\u00e9 \u00e0 Haverskerque en 1767: c&rsquo;est la<span class=\"more-link\"><a href=\"https:\/\/malvache.net\/malvache\/le-moulin-destaires\/\">Lire la suite &gt;&gt;<\/a><\/span><\/p>\n","protected":false},"author":1,"featured_media":434,"parent":0,"menu_order":0,"comment_status":"open","ping_status":"closed","template":"","meta":{"ngg_post_thumbnail":0,"footnotes":""},"categories":[13,138,12],"tags":[],"class_list":["entry","author-cmalvache","post-431","page","type-page","status-publish","has-post-thumbnail","category-estaires","category-lieux","category-moulin"],"yoast_head":"<!-- This site is optimized with the Yoast SEO plugin v27.4 - https:\/\/yoast.com\/product\/yoast-seo-wordpress\/ -->\n<title>Le moulin VIEREN d&#039;Estaires - Les Malvache au fil du temps<\/title>\n<meta name=\"robots\" content=\"index, follow, max-snippet:-1, max-image-preview:large, max-video-preview:-1\" \/>\n<link rel=\"canonical\" href=\"https:\/\/malvache.net\/malvache\/le-moulin-destaires\/\" \/>\n<meta property=\"og:locale\" content=\"fr_FR\" \/>\n<meta property=\"og:type\" content=\"article\" \/>\n<meta property=\"og:title\" content=\"Le moulin VIEREN d&#039;Estaires - Les Malvache au fil du temps\" \/>\n<meta property=\"og:description\" content=\"Plan cadastral de 1816. Section D 758. Porte du Moulin. Route de Neuf-Berquin (aujourd&rsquo;hui Rue Kennedy). Fran\u00e7ois VIEREN (1767-1848) meunier \u00e0 Estaires. N\u00e9 \u00e0 Haverskerque, fils posthume de Pierre VIEREN, meunier et \u00e9chevin \u00e0 Haverskerque n\u00e9 lui-m\u00eame \u00e0 St Venant en 1730 et d\u00e9c\u00e9d\u00e9 \u00e0 Haverskerque en 1767: c&rsquo;est laLire la suite &gt;&gt;\" \/>\n<meta property=\"og:url\" content=\"https:\/\/malvache.net\/malvache\/le-moulin-destaires\/\" \/>\n<meta property=\"og:site_name\" content=\"Les Malvache au fil du temps\" \/>\n<meta property=\"article:modified_time\" content=\"2025-01-08T10:35:27+00:00\" \/>\n<meta property=\"og:image\" content=\"https:\/\/malvache.net\/malvache\/wp-content\/uploads\/2021\/05\/moulinvieren-scaled.jpg\" \/>\n\t<meta property=\"og:image:width\" content=\"2560\" \/>\n\t<meta property=\"og:image:height\" content=\"1798\" \/>\n\t<meta property=\"og:image:type\" content=\"image\/jpeg\" \/>\n<meta name=\"twitter:card\" content=\"summary_large_image\" \/>\n<meta name=\"twitter:label1\" content=\"Dur\u00e9e de lecture estim\u00e9e\" \/>\n\t<meta name=\"twitter:data1\" content=\"2 minutes\" \/>\n<script type=\"application\/ld+json\" class=\"yoast-schema-graph\">{\"@context\":\"https:\\\/\\\/schema.org\",\"@graph\":[{\"@type\":\"WebPage\",\"@id\":\"https:\\\/\\\/malvache.net\\\/malvache\\\/le-moulin-destaires\\\/\",\"url\":\"https:\\\/\\\/malvache.net\\\/malvache\\\/le-moulin-destaires\\\/\",\"name\":\"Le moulin VIEREN d'Estaires - Les Malvache au fil du temps\",\"isPartOf\":{\"@id\":\"https:\\\/\\\/malvache.net\\\/malvache\\\/#website\"},\"primaryImageOfPage\":{\"@id\":\"https:\\\/\\\/malvache.net\\\/malvache\\\/le-moulin-destaires\\\/#primaryimage\"},\"image\":{\"@id\":\"https:\\\/\\\/malvache.net\\\/malvache\\\/le-moulin-destaires\\\/#primaryimage\"},\"thumbnailUrl\":\"https:\\\/\\\/malvache.net\\\/malvache\\\/wp-content\\\/uploads\\\/2021\\\/05\\\/moulinvieren-scaled.jpg\",\"datePublished\":\"2021-05-14T18:13:17+00:00\",\"dateModified\":\"2025-01-08T10:35:27+00:00\",\"breadcrumb\":{\"@id\":\"https:\\\/\\\/malvache.net\\\/malvache\\\/le-moulin-destaires\\\/#breadcrumb\"},\"inLanguage\":\"fr-FR\",\"potentialAction\":[{\"@type\":\"ReadAction\",\"target\":[\"https:\\\/\\\/malvache.net\\\/malvache\\\/le-moulin-destaires\\\/\"]}]},{\"@type\":\"ImageObject\",\"inLanguage\":\"fr-FR\",\"@id\":\"https:\\\/\\\/malvache.net\\\/malvache\\\/le-moulin-destaires\\\/#primaryimage\",\"url\":\"https:\\\/\\\/malvache.net\\\/malvache\\\/wp-content\\\/uploads\\\/2021\\\/05\\\/moulinvieren-scaled.jpg\",\"contentUrl\":\"https:\\\/\\\/malvache.net\\\/malvache\\\/wp-content\\\/uploads\\\/2021\\\/05\\\/moulinvieren-scaled.jpg\",\"width\":2560,\"height\":1798,\"caption\":\"Photo du moulin VIEREN \u00e0 Estaires\"},{\"@type\":\"BreadcrumbList\",\"@id\":\"https:\\\/\\\/malvache.net\\\/malvache\\\/le-moulin-destaires\\\/#breadcrumb\",\"itemListElement\":[{\"@type\":\"ListItem\",\"position\":1,\"name\":\"Accueil\",\"item\":\"https:\\\/\\\/malvache.net\\\/malvache\\\/\"},{\"@type\":\"ListItem\",\"position\":2,\"name\":\"Le moulin VIEREN d&rsquo;Estaires\"}]},{\"@type\":\"WebSite\",\"@id\":\"https:\\\/\\\/malvache.net\\\/malvache\\\/#website\",\"url\":\"https:\\\/\\\/malvache.net\\\/malvache\\\/\",\"name\":\"Les Malvache au fil du temps\",\"description\":\"mais aussi les Hermary, Bacquaert, Petitprez, Fornells, Loridan...\",\"publisher\":{\"@id\":\"https:\\\/\\\/malvache.net\\\/malvache\\\/#organization\"},\"potentialAction\":[{\"@type\":\"SearchAction\",\"target\":{\"@type\":\"EntryPoint\",\"urlTemplate\":\"https:\\\/\\\/malvache.net\\\/malvache\\\/?s={search_term_string}\"},\"query-input\":{\"@type\":\"PropertyValueSpecification\",\"valueRequired\":true,\"valueName\":\"search_term_string\"}}],\"inLanguage\":\"fr-FR\"},{\"@type\":\"Organization\",\"@id\":\"https:\\\/\\\/malvache.net\\\/malvache\\\/#organization\",\"name\":\"Les Malvache au fil du temps\",\"url\":\"https:\\\/\\\/malvache.net\\\/malvache\\\/\",\"logo\":{\"@type\":\"ImageObject\",\"inLanguage\":\"fr-FR\",\"@id\":\"https:\\\/\\\/malvache.net\\\/malvache\\\/#\\\/schema\\\/logo\\\/image\\\/\",\"url\":\"https:\\\/\\\/malvache.net\\\/malvache\\\/wp-content\\\/uploads\\\/2022\\\/08\\\/cropped-cropped-telecharger-4.png\",\"contentUrl\":\"https:\\\/\\\/malvache.net\\\/malvache\\\/wp-content\\\/uploads\\\/2022\\\/08\\\/cropped-cropped-telecharger-4.png\",\"width\":512,\"height\":512,\"caption\":\"Les Malvache au fil du temps\"},\"image\":{\"@id\":\"https:\\\/\\\/malvache.net\\\/malvache\\\/#\\\/schema\\\/logo\\\/image\\\/\"}}]}<\/script>\n<!-- \/ Yoast SEO plugin. -->","yoast_head_json":{"title":"Le moulin VIEREN d'Estaires - Les Malvache au fil du temps","robots":{"index":"index","follow":"follow","max-snippet":"max-snippet:-1","max-image-preview":"max-image-preview:large","max-video-preview":"max-video-preview:-1"},"canonical":"https:\/\/malvache.net\/malvache\/le-moulin-destaires\/","og_locale":"fr_FR","og_type":"article","og_title":"Le moulin VIEREN d'Estaires - Les Malvache au fil du temps","og_description":"Plan cadastral de 1816. Section D 758. Porte du Moulin. Route de Neuf-Berquin (aujourd&rsquo;hui Rue Kennedy). Fran\u00e7ois VIEREN (1767-1848) meunier \u00e0 Estaires. N\u00e9 \u00e0 Haverskerque, fils posthume de Pierre VIEREN, meunier et \u00e9chevin \u00e0 Haverskerque n\u00e9 lui-m\u00eame \u00e0 St Venant en 1730 et d\u00e9c\u00e9d\u00e9 \u00e0 Haverskerque en 1767: c&rsquo;est laLire la suite &gt;&gt;","og_url":"https:\/\/malvache.net\/malvache\/le-moulin-destaires\/","og_site_name":"Les Malvache au fil du temps","article_modified_time":"2025-01-08T10:35:27+00:00","og_image":[{"width":2560,"height":1798,"url":"https:\/\/malvache.net\/malvache\/wp-content\/uploads\/2021\/05\/moulinvieren-scaled.jpg","type":"image\/jpeg"}],"twitter_card":"summary_large_image","twitter_misc":{"Dur\u00e9e de lecture estim\u00e9e":"2 minutes"},"schema":{"@context":"https:\/\/schema.org","@graph":[{"@type":"WebPage","@id":"https:\/\/malvache.net\/malvache\/le-moulin-destaires\/","url":"https:\/\/malvache.net\/malvache\/le-moulin-destaires\/","name":"Le moulin VIEREN d'Estaires - Les Malvache au fil du temps","isPartOf":{"@id":"https:\/\/malvache.net\/malvache\/#website"},"primaryImageOfPage":{"@id":"https:\/\/malvache.net\/malvache\/le-moulin-destaires\/#primaryimage"},"image":{"@id":"https:\/\/malvache.net\/malvache\/le-moulin-destaires\/#primaryimage"},"thumbnailUrl":"https:\/\/malvache.net\/malvache\/wp-content\/uploads\/2021\/05\/moulinvieren-scaled.jpg","datePublished":"2021-05-14T18:13:17+00:00","dateModified":"2025-01-08T10:35:27+00:00","breadcrumb":{"@id":"https:\/\/malvache.net\/malvache\/le-moulin-destaires\/#breadcrumb"},"inLanguage":"fr-FR","potentialAction":[{"@type":"ReadAction","target":["https:\/\/malvache.net\/malvache\/le-moulin-destaires\/"]}]},{"@type":"ImageObject","inLanguage":"fr-FR","@id":"https:\/\/malvache.net\/malvache\/le-moulin-destaires\/#primaryimage","url":"https:\/\/malvache.net\/malvache\/wp-content\/uploads\/2021\/05\/moulinvieren-scaled.jpg","contentUrl":"https:\/\/malvache.net\/malvache\/wp-content\/uploads\/2021\/05\/moulinvieren-scaled.jpg","width":2560,"height":1798,"caption":"Photo du moulin VIEREN \u00e0 Estaires"},{"@type":"BreadcrumbList","@id":"https:\/\/malvache.net\/malvache\/le-moulin-destaires\/#breadcrumb","itemListElement":[{"@type":"ListItem","position":1,"name":"Accueil","item":"https:\/\/malvache.net\/malvache\/"},{"@type":"ListItem","position":2,"name":"Le moulin VIEREN d&rsquo;Estaires"}]},{"@type":"WebSite","@id":"https:\/\/malvache.net\/malvache\/#website","url":"https:\/\/malvache.net\/malvache\/","name":"Les Malvache au fil du temps","description":"mais aussi les Hermary, Bacquaert, Petitprez, Fornells, Loridan...","publisher":{"@id":"https:\/\/malvache.net\/malvache\/#organization"},"potentialAction":[{"@type":"SearchAction","target":{"@type":"EntryPoint","urlTemplate":"https:\/\/malvache.net\/malvache\/?s={search_term_string}"},"query-input":{"@type":"PropertyValueSpecification","valueRequired":true,"valueName":"search_term_string"}}],"inLanguage":"fr-FR"},{"@type":"Organization","@id":"https:\/\/malvache.net\/malvache\/#organization","name":"Les Malvache au fil du temps","url":"https:\/\/malvache.net\/malvache\/","logo":{"@type":"ImageObject","inLanguage":"fr-FR","@id":"https:\/\/malvache.net\/malvache\/#\/schema\/logo\/image\/","url":"https:\/\/malvache.net\/malvache\/wp-content\/uploads\/2022\/08\/cropped-cropped-telecharger-4.png","contentUrl":"https:\/\/malvache.net\/malvache\/wp-content\/uploads\/2022\/08\/cropped-cropped-telecharger-4.png","width":512,"height":512,"caption":"Les Malvache au fil du temps"},"image":{"@id":"https:\/\/malvache.net\/malvache\/#\/schema\/logo\/image\/"}}]}},"_links":{"self":[{"href":"https:\/\/malvache.net\/malvache\/wp-json\/wp\/v2\/pages\/431","targetHints":{"allow":["GET"]}}],"collection":[{"href":"https:\/\/malvache.net\/malvache\/wp-json\/wp\/v2\/pages"}],"about":[{"href":"https:\/\/malvache.net\/malvache\/wp-json\/wp\/v2\/types\/page"}],"author":[{"embeddable":true,"href":"https:\/\/malvache.net\/malvache\/wp-json\/wp\/v2\/users\/1"}],"replies":[{"embeddable":true,"href":"https:\/\/malvache.net\/malvache\/wp-json\/wp\/v2\/comments?post=431"}],"version-history":[{"count":11,"href":"https:\/\/malvache.net\/malvache\/wp-json\/wp\/v2\/pages\/431\/revisions"}],"predecessor-version":[{"id":3524,"href":"https:\/\/malvache.net\/malvache\/wp-json\/wp\/v2\/pages\/431\/revisions\/3524"}],"wp:featuredmedia":[{"embeddable":true,"href":"https:\/\/malvache.net\/malvache\/wp-json\/wp\/v2\/media\/434"}],"wp:attachment":[{"href":"https:\/\/malvache.net\/malvache\/wp-json\/wp\/v2\/media?parent=431"}],"wp:term":[{"taxonomy":"category","embeddable":true,"href":"https:\/\/malvache.net\/malvache\/wp-json\/wp\/v2\/categories?post=431"},{"taxonomy":"post_tag","embeddable":true,"href":"https:\/\/malvache.net\/malvache\/wp-json\/wp\/v2\/tags?post=431"}],"curies":[{"name":"wp","href":"https:\/\/api.w.org\/{rel}","templated":true}]}}