{"id":497,"date":"2021-05-15T11:46:56","date_gmt":"2021-05-15T09:46:56","guid":{"rendered":"https:\/\/malvache.net\/malvache\/?page_id=497"},"modified":"2026-01-31T14:07:52","modified_gmt":"2026-01-31T13:07:52","slug":"origines-du-nom","status":"publish","type":"page","link":"https:\/\/malvache.net\/malvache\/origines-du-nom\/","title":{"rendered":"Origines du nom"},"content":{"rendered":"\n<div class=\"wp-block-columns is-layout-flex wp-container-core-columns-is-layout-9d6595d7 wp-block-columns-is-layout-flex\">\n<div class=\"wp-block-column is-layout-flow wp-block-column-is-layout-flow\" style=\"flex-basis:80%\">\n<p>Nous savons que <strong>Malvais<\/strong>, <strong>Malvaes <\/strong>= <strong>Malvache<\/strong>. Il est \u00e0 noter que le premier <strong>Malvais <\/strong>est cit\u00e9 en 1424 ! \u00e0 Merville&#8230;puis l&rsquo;on trouve une trace \u00e0 li\u00e9ge.<br><\/p>\n\n\n\n<p>Tout porte \u00e0 croire que les Malvache (Malvais \u00e0 l&rsquo;\u00e9poque) sont de Vieux-berquin. En effet, plusieurs Malvais sont cit\u00e9s sur des actes de Merville, comme t\u00e9moins, originaire de la paroisse de Vieux-Berquin. Malheureusement, il n&rsquo;existe pas d&rsquo;archive de Vieux-berquin pour cette p\u00e9riode.<\/p>\n\n\n\n<p>C\u2019est vers 1676 que nous trouvons les premiers actes de notre g\u00e9n\u00e9alogie \u00e0 Merville pr\u00e9cisement. Durant ce si\u00e8cle, seul le nom Patronyme MALVAIS est utilis\u00e9. <\/p>\n\n\n\n<p>Ainsi, Laurent MALVAIS va porter le patronyme MALVAIS lors de ses mariages. Mais sur son acte de d\u00e9c\u00e8s, il sera indiqu\u00e9, MALVACHE.<\/p>\n\n\n\n<p>Nous connaissons, avec certitude, le pr\u00e9nom du p\u00e8re de Laurent: Nicolas.<\/p>\n\n\n\n<p>Toutefois, <a href=\"https:\/\/malvache.net\/malvache\/tng\/getperson.php?personID=I1237&amp;tree=malvache\" target=\"_blank\" rel=\"noreferrer noopener\">Laurent MALVACHE<\/a> sera donc consid\u00e9r\u00e9 comme le premier des MALVACHE (tant que nous ne pourrons retrouver les traces de ses ascendants). On apprend de lui qu&rsquo;il \u00e9tait Meunier (d&rsquo;apr\u00e8s son acte de mariage).<\/p>\n\n\n\n<p>Il aura 8 enfants au total sur les deux mariages contract\u00e9s.<\/p>\n<\/div>\n\n\n\n<div class=\"wp-block-column is-layout-flow wp-block-column-is-layout-flow\" style=\"flex-basis:20%\">\n<figure class=\"wp-block-image size-full\"><a href=\"https:\/\/malvache.net\/malvache\/wp-content\/uploads\/2025\/01\/Capture-decran-2025-01-08-135117.png\" target=\"_blank\" rel=\" noreferrer noopener\"><img data-dominant-color=\"a0a0a2\" data-has-transparency=\"false\" style=\"--dominant-color: #a0a0a2;\" loading=\"lazy\" decoding=\"async\" width=\"317\" height=\"622\" src=\"https:\/\/malvache.net\/malvache\/wp-content\/uploads\/2025\/01\/Capture-decran-2025-01-08-135117.png\" alt=\"\" class=\"wp-image-4031 not-transparent\" srcset=\"https:\/\/malvache.net\/malvache\/wp-content\/uploads\/2025\/01\/Capture-decran-2025-01-08-135117.png 317w, https:\/\/malvache.net\/malvache\/wp-content\/uploads\/2025\/01\/Capture-decran-2025-01-08-135117-153x300.png 153w, https:\/\/malvache.net\/malvache\/wp-content\/uploads\/2025\/01\/Capture-decran-2025-01-08-135117-280x550.png 280w, https:\/\/malvache.net\/malvache\/wp-content\/uploads\/2025\/01\/Capture-decran-2025-01-08-135117-255x500.png 255w\" sizes=\"auto, (max-width: 317px) 100vw, 317px\" \/><\/a><\/figure>\n<\/div>\n<\/div>\n\n\n\n<h4 class=\"wp-block-heading\">de MALVAIS \u00e0 MALVACHE<\/h4>\n\n\n\n<div class=\"wp-block-media-text is-stacked-on-mobile\" style=\"grid-template-columns:30% auto\"><figure class=\"wp-block-media-text__media\"><img data-dominant-color=\"311011\" data-has-transparency=\"true\" style=\"--dominant-color: #311011;\" loading=\"lazy\" decoding=\"async\" width=\"605\" height=\"257\" src=\"https:\/\/malvache.net\/malvache\/wp-content\/uploads\/2025\/08\/nuage-de-mots-1-1.png\" alt=\"\" class=\"wp-image-4694 size-full has-transparency\" srcset=\"https:\/\/malvache.net\/malvache\/wp-content\/uploads\/2025\/08\/nuage-de-mots-1-1.png 605w, https:\/\/malvache.net\/malvache\/wp-content\/uploads\/2025\/08\/nuage-de-mots-1-1-300x127.png 300w, https:\/\/malvache.net\/malvache\/wp-content\/uploads\/2025\/08\/nuage-de-mots-1-1-465x198.png 465w\" sizes=\"auto, (max-width: 605px) 100vw, 605px\" \/><\/figure><div class=\"wp-block-media-text__content\">\n<p>C\u2019est entre 1705 et 1712 que le patronyme va \u00eatre \u201cmalmen\u00e9\u201d. Tout d\u2019abord <strong>MALVAIS <\/strong>puis <strong>MALVAISE <\/strong>en 1705 ( Marie-Catherine MALVAISE), ensuite <strong>MALVAY <\/strong>en 1706 (Andre MALVAY) pour revenir \u00e0 MALVAISE en 1708 (Marie Ang\u00e9lique MALVAISE). Le 12 octobre 1712 est baptis\u00e9 le premier enfant portant le patronyme <strong>MALVACHE <\/strong>(<a href=\"https:\/\/malvache.net\/malvache\/tng\/getperson.php?personID=I1907&amp;tree=malvache\" target=\"_blank\" rel=\"noreferrer noopener\">Pierre Joseph MALVACHE<\/a>). <br>Les filles de Laurent portaient le Nom MALVAISE , les gar\u00e7ons MALVAIS et MALVACHE.<\/p>\n<\/div><\/div>\n\n\n\n<h4 class=\"wp-block-heading\">1\u02b3\u1d49 Signature !<\/h4>\n\n\n\n<p>Autrefois, ceux qui ne savaient pas \u00e9crire devaient signer d&rsquo;une croix (Marque). La premi\u00e8re signature d&rsquo;un Malvache intervient lors du Mariage d&rsquo;Andr\u00e9 Malvache &amp; Delassus. C&rsquo;est ce m\u00eame Andr\u00e9 qui signe ainsi que son fr\u00e8re Nicolas.<\/p>\n\n\n\n<figure class=\"wp-block-image size-large\"><img loading=\"lazy\" decoding=\"async\" width=\"963\" height=\"1024\" src=\"https:\/\/malvache.net\/malvache\/wp-content\/uploads\/2025\/01\/WP_000028-1-963x1024.jpg\" alt=\"\" class=\"wp-image-3249\" srcset=\"https:\/\/malvache.net\/malvache\/wp-content\/uploads\/2025\/01\/WP_000028-1-963x1024.jpg 963w, https:\/\/malvache.net\/malvache\/wp-content\/uploads\/2025\/01\/WP_000028-1-282x300.jpg 282w, https:\/\/malvache.net\/malvache\/wp-content\/uploads\/2025\/01\/WP_000028-1-768x817.jpg 768w, https:\/\/malvache.net\/malvache\/wp-content\/uploads\/2025\/01\/WP_000028-1-465x494.jpg 465w, https:\/\/malvache.net\/malvache\/wp-content\/uploads\/2025\/01\/WP_000028-1-470x500.jpg 470w, https:\/\/malvache.net\/malvache\/wp-content\/uploads\/2025\/01\/WP_000028-1.jpg 1106w\" sizes=\"auto, (max-width: 963px) 100vw, 963px\" \/><\/figure>\n\n\n\n<p>L&rsquo;original est disponible <a href=\"https:\/\/malvache.net\/malvache\/tng\/showmedia.php?mediaID=21034&amp;medialinkID=27378\">ici<\/a><\/p>\n\n\n\n<h4 class=\"wp-block-heading\"><strong>Quelques statistiques:<\/strong><\/h4>\n\n\n\n<div class=\"wp-block-columns is-layout-flex wp-container-core-columns-is-layout-9d6595d7 wp-block-columns-is-layout-flex\">\n<div class=\"wp-block-column is-layout-flow wp-block-column-is-layout-flow\">\n<h5 class=\"wp-block-heading\">Top 15 des m\u00e9tiers<br><\/h5>\n\n\n    <canvas \n        id=\"ct-chart_1\" \n        class=\"guaven_chart_canvas\"\n        style=\"width: Arraypx !important; height: px !important;\"\n    ><\/canvas>\n\n     <script type=\"text\/javascript\" class=\"gvn_charts_script\" async>\n     var ctx = jQuery(\"#ct-chart_1\");\n\n        var options={\n        showAllTooltips: true,\n        responsive: true\n        ,legend: {display: true,position:'right'}    };\n    var data = {\n    labels: [ \"Agriculteur, Ing\u00e9nieur\/Conseiller agricole\",\"Journalier, Ouvrier agricole\",\"Marchand, Epicier, Commercant\",\"Ouvrier, Mineur, Chauffeur...\",\"Brodeuse, Confectionneuse, Fileuse, Tisserand,...\",\"Employ\u00e9 de bureau\",\"Cabaretier\/i\u00e8re\",\"Abb\u00e9, Cur\u00e9, Pr\u00eatre, Religieux\/se, Vicaire...\",\"Boulanger, Meunier, P\u00e2tissier...\",\"M\u00e9decin, Docteur, Infirmier(\u00e9re)...\",\"Maire, Adjoint, Echevin...\",\"Domestique, Servant, Valet,..\",\"Cadres, Professions intellectuelles, Artistes\u2026\",\"Professeur, Instituteur(trice)...\",\"Menuisier, Charpentier\u2026\"],\n    datasets: [\n            {\n                        data: [55.64,6.24,5.79,5.73,4.51,2.66,2.18,2.12,1.74,1.47,1.44,1.17,1.01,0.81,0.74],\n            backgroundColor: [\n                'rgba(37,57,34,0.7)',\n        'rgba(142,98,6,0.7)',\n        'rgba(24,72,213,0.7)',\n        'rgba(110,86,79,0.7)',\n        'rgba(183,147,216,0.7)',\n        'rgba(117,230,47,0.7)',\n        'rgba(32,121,189,0.7)',\n        'rgba(31,6,83,0.7)',\n        'rgba(29,168,174,0.7)',\n        'rgba(113,164,188,0.7)',\n        'rgba(241,246,144,0.7)',\n        'rgba(95,25,221,0.7)',\n        'rgba(5,113,80,0.7)',\n        'rgba(11,199,239,0.7)',\n        'rgba(210,45,33,0.7)',\n                    ],\n            hoverBackgroundColor: [\n               'rgba(52,146,248,1)',\n        'rgba(252,110,19,1)',\n        'rgba(155,71,188,1)',\n        'rgba(114,42,53,1)',\n        'rgba(94,206,135,1)',\n        'rgba(231,130,8,1)',\n        'rgba(199,48,196,1)',\n        'rgba(43,94,191,1)',\n        'rgba(103,6,249,1)',\n        'rgba(242,244,10,1)',\n        'rgba(65,180,164,1)',\n        'rgba(19,193,234,1)',\n        'rgba(104,218,99,1)',\n        'rgba(31,50,218,1)',\n        'rgba(45,134,211,1)',\n                    ]\n        },\n        ]\n};\nvar myPieChart = new Chart(ctx,{\n    type: 'pie',\n    data: data,\n    options: options\n});\n        <\/script>\n\n    \n<\/div>\n\n\n\n<div class=\"wp-block-column is-layout-flow wp-block-column-is-layout-flow\">\n<h5 class=\"wp-block-heading\">Top 70 des villes avec \u00e9v\u00e9ments (d\u00e9c\u00e8s,naisssance, mariages\u2026)<\/h5>\n\n\n    <canvas \n        id=\"ct-chart_2\" \n        class=\"guaven_chart_canvas\"\n        style=\"width: Arraypx !important; height: px !important;\"\n    ><\/canvas>\n\n     <script type=\"text\/javascript\" class=\"gvn_charts_script\" async>\n     var ctx = jQuery(\"#ct-chart_2\");\n\n        var data = {\n    labels: [\"Merville\",\"Saint-Floris\",\"Vieux-Berquin\",\"Calonne-sur-la-Lys\",\"Bailleul\",\"Lestrem\",\"Estaires\",\"Haverskerque\",\"Hazebrouck\",\"Neuf-Berquin\",\"Steenwerck\",\"Eecke\",\"Ca\u00ebstre\",\"Mont-Bernanchon\",\"Steenvoorde\",\"La Gorgue\",\"Saint-Venant\",\"Lille\",\"Robecq\",\"Morbecque\",\"Autres\"],\n    datasets: [\n            {\n                        label: \"total\",\n            backgroundColor: [\n                'rgba(144, 238, 144,0.8)',\n        'rgba(144, 238, 144,0.8)',\n        'rgba(144, 238, 144,0.8)',\n        'rgba(144, 238, 144,0.8)',\n        'rgba(144, 238, 144,0.8)',\n        'rgba(144, 238, 144,0.8)',\n        'rgba(144, 238, 144,0.8)',\n        'rgba(144, 238, 144,0.8)',\n        'rgba(144, 238, 144,0.8)',\n        'rgba(144, 238, 144,0.8)',\n        'rgba(144, 238, 144,0.8)',\n        'rgba(144, 238, 144,0.8)',\n        'rgba(144, 238, 144,0.8)',\n        'rgba(144, 238, 144,0.8)',\n        'rgba(144, 238, 144,0.8)',\n        'rgba(144, 238, 144,0.8)',\n        'rgba(144, 238, 144,0.8)',\n        'rgba(144, 238, 144,0.8)',\n        'rgba(144, 238, 144,0.8)',\n        'rgba(144, 238, 144,0.8)',\n        'rgba(144, 238, 144,0.8)',\n                    ],\n            borderColor: [\n                'rgba(144, 238, 144,1)',\n        'rgba(144, 238, 144,1)',\n        'rgba(144, 238, 144,1)',\n        'rgba(144, 238, 144,1)',\n        'rgba(144, 238, 144,1)',\n        'rgba(144, 238, 144,1)',\n        'rgba(144, 238, 144,1)',\n        'rgba(144, 238, 144,1)',\n        'rgba(144, 238, 144,1)',\n        'rgba(144, 238, 144,1)',\n        'rgba(144, 238, 144,1)',\n        'rgba(144, 238, 144,1)',\n        'rgba(144, 238, 144,1)',\n        'rgba(144, 238, 144,1)',\n        'rgba(144, 238, 144,1)',\n        'rgba(144, 238, 144,1)',\n        'rgba(144, 238, 144,1)',\n        'rgba(144, 238, 144,1)',\n        'rgba(144, 238, 144,1)',\n        'rgba(144, 238, 144,1)',\n        'rgba(144, 238, 144,1)',\n                    ],\n            borderWidth: 1,\n            data: [10626,2678,2524,2404,2362,1962,1847,1790,1670,1156,928,860,821,811,799,783,771,704,695,672,23821],\n        },\n            ]\n};\nvar options={\n    responsive: true,\n    scales: {\n        xAxes: [{\n            stacked: true,            ticks: {\n                beginAtZero: false            }\n        }],\n        yAxes: [{\n            stacked: true,            ticks: {\n                                beginAtZero: false            }\n        }]\n    }\n    ,legend: {display: false,position:'top'}};\nvar myBarChart = new Chart(ctx, {\n    type: 'horizontalBar',\n    data: data,\n    options: options\n});\n        <\/script>\n\n    \n<\/div>\n<\/div>\n","protected":false},"excerpt":{"rendered":"<p>Nous savons que Malvais, Malvaes = Malvache. Il est \u00e0 noter que le premier Malvais est cit\u00e9 en 1424 ! \u00e0 Merville&#8230;puis l&rsquo;on trouve une trace \u00e0 li\u00e9ge. Tout porte \u00e0 croire que les Malvache (Malvais \u00e0 l&rsquo;\u00e9poque) sont de Vieux-berquin. En effet, plusieurs Malvais sont cit\u00e9s sur des actes<span class=\"more-link\"><a href=\"https:\/\/malvache.net\/malvache\/origines-du-nom\/\">Lire la suite &gt;&gt;<\/a><\/span><\/p>\n","protected":false},"author":1,"featured_media":524,"parent":0,"menu_order":0,"comment_status":"open","ping_status":"closed","template":"","meta":{"ngg_post_thumbnail":0,"footnotes":""},"categories":[17,18,16],"tags":[],"class_list":["entry","author-cmalvache","post-497","page","type-page","status-publish","has-post-thumbnail","category-malvache","category-merville","category-vieux-berquin"],"yoast_head":"<!-- This site is optimized with the Yoast SEO plugin v27.4 - https:\/\/yoast.com\/product\/yoast-seo-wordpress\/ -->\n<title>Origines du nom - Les Malvache au fil du temps<\/title>\n<meta name=\"robots\" content=\"index, follow, max-snippet:-1, max-image-preview:large, max-video-preview:-1\" \/>\n<link rel=\"canonical\" href=\"https:\/\/malvache.net\/malvache\/origines-du-nom\/\" \/>\n<meta property=\"og:locale\" content=\"fr_FR\" \/>\n<meta property=\"og:type\" content=\"article\" \/>\n<meta property=\"og:title\" content=\"Origines du nom - Les Malvache au fil du temps\" \/>\n<meta property=\"og:description\" content=\"Nous savons que Malvais, Malvaes = Malvache. Il est \u00e0 noter que le premier Malvais est cit\u00e9 en 1424 ! \u00e0 Merville&#8230;puis l&rsquo;on trouve une trace \u00e0 li\u00e9ge. Tout porte \u00e0 croire que les Malvache (Malvais \u00e0 l&rsquo;\u00e9poque) sont de Vieux-berquin. En effet, plusieurs Malvais sont cit\u00e9s sur des actesLire la suite &gt;&gt;\" \/>\n<meta property=\"og:url\" content=\"https:\/\/malvache.net\/malvache\/origines-du-nom\/\" \/>\n<meta property=\"og:site_name\" content=\"Les Malvache au fil du temps\" \/>\n<meta property=\"article:modified_time\" content=\"2026-01-31T13:07:52+00:00\" \/>\n<meta property=\"og:image\" content=\"https:\/\/malvache.net\/malvache\/wp-content\/uploads\/2021\/05\/marie-joseph_malvaise_1718.jpg\" \/>\n\t<meta property=\"og:image:width\" content=\"1284\" \/>\n\t<meta property=\"og:image:height\" content=\"703\" \/>\n\t<meta property=\"og:image:type\" content=\"image\/jpeg\" \/>\n<meta name=\"twitter:card\" content=\"summary_large_image\" \/>\n<meta name=\"twitter:label1\" content=\"Dur\u00e9e de lecture estim\u00e9e\" \/>\n\t<meta name=\"twitter:data1\" content=\"2 minutes\" \/>\n<script type=\"application\/ld+json\" class=\"yoast-schema-graph\">{\"@context\":\"https:\\\/\\\/schema.org\",\"@graph\":[{\"@type\":\"WebPage\",\"@id\":\"https:\\\/\\\/malvache.net\\\/malvache\\\/origines-du-nom\\\/\",\"url\":\"https:\\\/\\\/malvache.net\\\/malvache\\\/origines-du-nom\\\/\",\"name\":\"Origines du nom - Les Malvache au fil du temps\",\"isPartOf\":{\"@id\":\"https:\\\/\\\/malvache.net\\\/malvache\\\/#website\"},\"primaryImageOfPage\":{\"@id\":\"https:\\\/\\\/malvache.net\\\/malvache\\\/origines-du-nom\\\/#primaryimage\"},\"image\":{\"@id\":\"https:\\\/\\\/malvache.net\\\/malvache\\\/origines-du-nom\\\/#primaryimage\"},\"thumbnailUrl\":\"https:\\\/\\\/malvache.net\\\/malvache\\\/wp-content\\\/uploads\\\/2021\\\/05\\\/marie-joseph_malvaise_1718.jpg\",\"datePublished\":\"2021-05-15T09:46:56+00:00\",\"dateModified\":\"2026-01-31T13:07:52+00:00\",\"breadcrumb\":{\"@id\":\"https:\\\/\\\/malvache.net\\\/malvache\\\/origines-du-nom\\\/#breadcrumb\"},\"inLanguage\":\"fr-FR\",\"potentialAction\":[{\"@type\":\"ReadAction\",\"target\":[\"https:\\\/\\\/malvache.net\\\/malvache\\\/origines-du-nom\\\/\"]}]},{\"@type\":\"ImageObject\",\"inLanguage\":\"fr-FR\",\"@id\":\"https:\\\/\\\/malvache.net\\\/malvache\\\/origines-du-nom\\\/#primaryimage\",\"url\":\"https:\\\/\\\/malvache.net\\\/malvache\\\/wp-content\\\/uploads\\\/2021\\\/05\\\/marie-joseph_malvaise_1718.jpg\",\"contentUrl\":\"https:\\\/\\\/malvache.net\\\/malvache\\\/wp-content\\\/uploads\\\/2021\\\/05\\\/marie-joseph_malvaise_1718.jpg\",\"width\":1284,\"height\":703},{\"@type\":\"BreadcrumbList\",\"@id\":\"https:\\\/\\\/malvache.net\\\/malvache\\\/origines-du-nom\\\/#breadcrumb\",\"itemListElement\":[{\"@type\":\"ListItem\",\"position\":1,\"name\":\"Accueil\",\"item\":\"https:\\\/\\\/malvache.net\\\/malvache\\\/\"},{\"@type\":\"ListItem\",\"position\":2,\"name\":\"Origines du nom\"}]},{\"@type\":\"WebSite\",\"@id\":\"https:\\\/\\\/malvache.net\\\/malvache\\\/#website\",\"url\":\"https:\\\/\\\/malvache.net\\\/malvache\\\/\",\"name\":\"Les Malvache au fil du temps\",\"description\":\"mais aussi les Hermary, Bacquaert, Petitprez, Fornells, Loridan...\",\"publisher\":{\"@id\":\"https:\\\/\\\/malvache.net\\\/malvache\\\/#organization\"},\"potentialAction\":[{\"@type\":\"SearchAction\",\"target\":{\"@type\":\"EntryPoint\",\"urlTemplate\":\"https:\\\/\\\/malvache.net\\\/malvache\\\/?s={search_term_string}\"},\"query-input\":{\"@type\":\"PropertyValueSpecification\",\"valueRequired\":true,\"valueName\":\"search_term_string\"}}],\"inLanguage\":\"fr-FR\"},{\"@type\":\"Organization\",\"@id\":\"https:\\\/\\\/malvache.net\\\/malvache\\\/#organization\",\"name\":\"Les Malvache au fil du temps\",\"url\":\"https:\\\/\\\/malvache.net\\\/malvache\\\/\",\"logo\":{\"@type\":\"ImageObject\",\"inLanguage\":\"fr-FR\",\"@id\":\"https:\\\/\\\/malvache.net\\\/malvache\\\/#\\\/schema\\\/logo\\\/image\\\/\",\"url\":\"https:\\\/\\\/malvache.net\\\/malvache\\\/wp-content\\\/uploads\\\/2022\\\/08\\\/cropped-cropped-telecharger-4.png\",\"contentUrl\":\"https:\\\/\\\/malvache.net\\\/malvache\\\/wp-content\\\/uploads\\\/2022\\\/08\\\/cropped-cropped-telecharger-4.png\",\"width\":512,\"height\":512,\"caption\":\"Les Malvache au fil du temps\"},\"image\":{\"@id\":\"https:\\\/\\\/malvache.net\\\/malvache\\\/#\\\/schema\\\/logo\\\/image\\\/\"}}]}<\/script>\n<!-- \/ Yoast SEO plugin. -->","yoast_head_json":{"title":"Origines du nom - Les Malvache au fil du temps","robots":{"index":"index","follow":"follow","max-snippet":"max-snippet:-1","max-image-preview":"max-image-preview:large","max-video-preview":"max-video-preview:-1"},"canonical":"https:\/\/malvache.net\/malvache\/origines-du-nom\/","og_locale":"fr_FR","og_type":"article","og_title":"Origines du nom - Les Malvache au fil du temps","og_description":"Nous savons que Malvais, Malvaes = Malvache. Il est \u00e0 noter que le premier Malvais est cit\u00e9 en 1424 ! \u00e0 Merville&#8230;puis l&rsquo;on trouve une trace \u00e0 li\u00e9ge. Tout porte \u00e0 croire que les Malvache (Malvais \u00e0 l&rsquo;\u00e9poque) sont de Vieux-berquin. En effet, plusieurs Malvais sont cit\u00e9s sur des actesLire la suite &gt;&gt;","og_url":"https:\/\/malvache.net\/malvache\/origines-du-nom\/","og_site_name":"Les Malvache au fil du temps","article_modified_time":"2026-01-31T13:07:52+00:00","og_image":[{"width":1284,"height":703,"url":"https:\/\/malvache.net\/malvache\/wp-content\/uploads\/2021\/05\/marie-joseph_malvaise_1718.jpg","type":"image\/jpeg"}],"twitter_card":"summary_large_image","twitter_misc":{"Dur\u00e9e de lecture estim\u00e9e":"2 minutes"},"schema":{"@context":"https:\/\/schema.org","@graph":[{"@type":"WebPage","@id":"https:\/\/malvache.net\/malvache\/origines-du-nom\/","url":"https:\/\/malvache.net\/malvache\/origines-du-nom\/","name":"Origines du nom - Les Malvache au fil du temps","isPartOf":{"@id":"https:\/\/malvache.net\/malvache\/#website"},"primaryImageOfPage":{"@id":"https:\/\/malvache.net\/malvache\/origines-du-nom\/#primaryimage"},"image":{"@id":"https:\/\/malvache.net\/malvache\/origines-du-nom\/#primaryimage"},"thumbnailUrl":"https:\/\/malvache.net\/malvache\/wp-content\/uploads\/2021\/05\/marie-joseph_malvaise_1718.jpg","datePublished":"2021-05-15T09:46:56+00:00","dateModified":"2026-01-31T13:07:52+00:00","breadcrumb":{"@id":"https:\/\/malvache.net\/malvache\/origines-du-nom\/#breadcrumb"},"inLanguage":"fr-FR","potentialAction":[{"@type":"ReadAction","target":["https:\/\/malvache.net\/malvache\/origines-du-nom\/"]}]},{"@type":"ImageObject","inLanguage":"fr-FR","@id":"https:\/\/malvache.net\/malvache\/origines-du-nom\/#primaryimage","url":"https:\/\/malvache.net\/malvache\/wp-content\/uploads\/2021\/05\/marie-joseph_malvaise_1718.jpg","contentUrl":"https:\/\/malvache.net\/malvache\/wp-content\/uploads\/2021\/05\/marie-joseph_malvaise_1718.jpg","width":1284,"height":703},{"@type":"BreadcrumbList","@id":"https:\/\/malvache.net\/malvache\/origines-du-nom\/#breadcrumb","itemListElement":[{"@type":"ListItem","position":1,"name":"Accueil","item":"https:\/\/malvache.net\/malvache\/"},{"@type":"ListItem","position":2,"name":"Origines du nom"}]},{"@type":"WebSite","@id":"https:\/\/malvache.net\/malvache\/#website","url":"https:\/\/malvache.net\/malvache\/","name":"Les Malvache au fil du temps","description":"mais aussi les Hermary, Bacquaert, Petitprez, Fornells, Loridan...","publisher":{"@id":"https:\/\/malvache.net\/malvache\/#organization"},"potentialAction":[{"@type":"SearchAction","target":{"@type":"EntryPoint","urlTemplate":"https:\/\/malvache.net\/malvache\/?s={search_term_string}"},"query-input":{"@type":"PropertyValueSpecification","valueRequired":true,"valueName":"search_term_string"}}],"inLanguage":"fr-FR"},{"@type":"Organization","@id":"https:\/\/malvache.net\/malvache\/#organization","name":"Les Malvache au fil du temps","url":"https:\/\/malvache.net\/malvache\/","logo":{"@type":"ImageObject","inLanguage":"fr-FR","@id":"https:\/\/malvache.net\/malvache\/#\/schema\/logo\/image\/","url":"https:\/\/malvache.net\/malvache\/wp-content\/uploads\/2022\/08\/cropped-cropped-telecharger-4.png","contentUrl":"https:\/\/malvache.net\/malvache\/wp-content\/uploads\/2022\/08\/cropped-cropped-telecharger-4.png","width":512,"height":512,"caption":"Les Malvache au fil du temps"},"image":{"@id":"https:\/\/malvache.net\/malvache\/#\/schema\/logo\/image\/"}}]}},"_links":{"self":[{"href":"https:\/\/malvache.net\/malvache\/wp-json\/wp\/v2\/pages\/497","targetHints":{"allow":["GET"]}}],"collection":[{"href":"https:\/\/malvache.net\/malvache\/wp-json\/wp\/v2\/pages"}],"about":[{"href":"https:\/\/malvache.net\/malvache\/wp-json\/wp\/v2\/types\/page"}],"author":[{"embeddable":true,"href":"https:\/\/malvache.net\/malvache\/wp-json\/wp\/v2\/users\/1"}],"replies":[{"embeddable":true,"href":"https:\/\/malvache.net\/malvache\/wp-json\/wp\/v2\/comments?post=497"}],"version-history":[{"count":36,"href":"https:\/\/malvache.net\/malvache\/wp-json\/wp\/v2\/pages\/497\/revisions"}],"predecessor-version":[{"id":5189,"href":"https:\/\/malvache.net\/malvache\/wp-json\/wp\/v2\/pages\/497\/revisions\/5189"}],"wp:featuredmedia":[{"embeddable":true,"href":"https:\/\/malvache.net\/malvache\/wp-json\/wp\/v2\/media\/524"}],"wp:attachment":[{"href":"https:\/\/malvache.net\/malvache\/wp-json\/wp\/v2\/media?parent=497"}],"wp:term":[{"taxonomy":"category","embeddable":true,"href":"https:\/\/malvache.net\/malvache\/wp-json\/wp\/v2\/categories?post=497"},{"taxonomy":"post_tag","embeddable":true,"href":"https:\/\/malvache.net\/malvache\/wp-json\/wp\/v2\/tags?post=497"}],"curies":[{"name":"wp","href":"https:\/\/api.w.org\/{rel}","templated":true}]}}